{"id":3189,"date":"2023-10-31T09:44:48","date_gmt":"2023-10-31T09:44:48","guid":{"rendered":"https:\/\/worldsaffronassociation.com\/sobre-nosotros\/"},"modified":"2023-12-12T12:29:40","modified_gmt":"2023-12-12T12:29:40","slug":"sobre-nosotros","status":"publish","type":"page","link":"https:\/\/worldsaffronassociation.com\/es\/sobre-nosotros\/","title":{"rendered":"Sobre nosotros"},"content":{"rendered":"\t\t<div data-elementor-type=\"wp-page\" data-elementor-id=\"3189\" class=\"elementor elementor-3189 elementor-817\" data-elementor-post-type=\"page\">\n\t\t\t\t<div class=\"elementor-element elementor-element-a1925cb e-con-full e-flex e-con e-parent\" data-id=\"a1925cb\" data-element_type=\"container\" data-settings=\"{&quot;background_background&quot;:&quot;classic&quot;}\">\n\t\t<div class=\"elementor-element elementor-element-0827699 e-con-full e-flex e-con e-child\" data-id=\"0827699\" data-element_type=\"container\">\n\t\t<div class=\"elementor-element elementor-element-152648e e-flex e-con-boxed e-con e-child\" data-id=\"152648e\" data-element_type=\"container\">\n\t\t\t\t\t<div class=\"e-con-inner\">\n\t\t\t\t<div class=\"elementor-element elementor-element-9cd85bc elementor-widget elementor-widget-text-editor\" data-id=\"9cd85bc\" data-element_type=\"widget\" data-widget_type=\"text-editor.default\">\n\t\t\t\t<div class=\"elementor-widget-container\">\n\t\t\t<style>\/*! elementor - v3.23.0 - 15-07-2024 *\/\n.elementor-widget-text-editor.elementor-drop-cap-view-stacked .elementor-drop-cap{background-color:#69727d;color:#fff}.elementor-widget-text-editor.elementor-drop-cap-view-framed .elementor-drop-cap{color:#69727d;border:3px solid;background-color:transparent}.elementor-widget-text-editor:not(.elementor-drop-cap-view-default) .elementor-drop-cap{margin-top:8px}.elementor-widget-text-editor:not(.elementor-drop-cap-view-default) .elementor-drop-cap-letter{width:1em;height:1em}.elementor-widget-text-editor .elementor-drop-cap{float:left;text-align:center;line-height:1;font-size:50px}.elementor-widget-text-editor .elementor-drop-cap-letter{display:inline-block}<\/style>\t\t\t\t<h6>La Asociaci\u00f3n Mundial del Azafr\u00e1n<\/h6>\n<h2><span style=\"color: #f5f5f5\">Qui\u00e9nes somos<\/span><\/h2>\n<h5><span style=\"color: #f5f5f5\">Somos una organizaci\u00f3n internacional comprometida con la gesti\u00f3n del conocimiento, la tecnolog\u00eda y la creatividad para generar valor en la industria del azafr\u00e1n. Nuestra labor abarca la producci\u00f3n, el envasado, el procesamiento y el comercio, contribuyendo al desarrollo y \u00e9xito de este sector a nivel mundial.<\/span><\/h5>\n\t\t\t\t\t\t<\/div>\n\t\t\t\t<\/div>\n\t\t\t\t<div class=\"elementor-element elementor-element-96bf9c3 elementor-tablet-align-center elementor-mobile-align-left elementor-widget elementor-widget-button\" data-id=\"96bf9c3\" data-element_type=\"widget\" data-widget_type=\"button.default\">\n\t\t\t\t<div class=\"elementor-widget-container\">\n\t\t\t\t\t<div class=\"elementor-button-wrapper\">\n\t\t\t<a class=\"elementor-button elementor-button-link elementor-size-sm\" href=\"https:\/\/worldsaffronassociation.com\/es\/sobre-nosotros\/asociacion\/\">\n\t\t\t\t\t\t<span class=\"elementor-button-content-wrapper\">\n\t\t\t\t\t\t\t\t\t<span class=\"elementor-button-text\">Leer m\u00e1s<\/span>\n\t\t\t\t\t<\/span>\n\t\t\t\t\t<\/a>\n\t\t<\/div>\n\t\t\t\t<\/div>\n\t\t\t\t<\/div>\n\t\t\t\t\t<\/div>\n\t\t\t\t<\/div>\n\t\t\t\t<\/div>\n\t\t\t\t<\/div>\n\t\t<div class=\"elementor-element elementor-element-23ff9a5 e-con-full e-flex e-con e-parent\" data-id=\"23ff9a5\" data-element_type=\"container\">\n\t\t<div class=\"elementor-element elementor-element-65c58da e-con-full e-flex e-con e-child\" data-id=\"65c58da\" data-element_type=\"container\">\n\t\t<div class=\"elementor-element elementor-element-c3d4b10 e-con-full e-flex e-con e-child\" data-id=\"c3d4b10\" data-element_type=\"container\">\n\t\t<div class=\"elementor-element elementor-element-619d098 e-con-full e-flex e-con e-child\" data-id=\"619d098\" data-element_type=\"container\">\n\t\t\t\t<div class=\"elementor-element elementor-element-1c58857 elementor-widget elementor-widget-image\" data-id=\"1c58857\" data-element_type=\"widget\" data-widget_type=\"image.default\">\n\t\t\t\t<div class=\"elementor-widget-container\">\n\t\t\t<style>\/*! elementor - v3.23.0 - 15-07-2024 *\/\n.elementor-widget-image{text-align:center}.elementor-widget-image a{display:inline-block}.elementor-widget-image a img[src$=\".svg\"]{width:48px}.elementor-widget-image img{vertical-align:middle;display:inline-block}<\/style>\t\t\t\t\t\t\t\t\t\t<img fetchpriority=\"high\" decoding=\"async\" width=\"1200\" height=\"1200\" src=\"https:\/\/worldsaffronassociation.com\/wp-content\/uploads\/2023\/11\/about-us1-min.png\" class=\"attachment-large size-large wp-image-1715\" alt=\"\" srcset=\"https:\/\/worldsaffronassociation.com\/wp-content\/uploads\/2023\/11\/about-us1-min.png 1200w, https:\/\/worldsaffronassociation.com\/wp-content\/uploads\/2023\/11\/about-us1-min-500x500.png 500w, https:\/\/worldsaffronassociation.com\/wp-content\/uploads\/2023\/11\/about-us1-min-300x300.png 300w, https:\/\/worldsaffronassociation.com\/wp-content\/uploads\/2023\/11\/about-us1-min-768x768.png 768w, https:\/\/worldsaffronassociation.com\/wp-content\/uploads\/2023\/11\/about-us1-min-150x150.png 150w, https:\/\/worldsaffronassociation.com\/wp-content\/uploads\/2023\/11\/about-us1-min-75x75.png 75w, https:\/\/worldsaffronassociation.com\/wp-content\/uploads\/2023\/11\/about-us1-min-480x480.png 480w\" sizes=\"(max-width:767px) 480px, (max-width:1200px) 100vw, 1200px\" \/>\t\t\t\t\t\t\t\t\t\t\t\t\t<\/div>\n\t\t\t\t<\/div>\n\t\t\t\t<\/div>\n\t\t<div class=\"elementor-element elementor-element-9326edd e-con-full e-flex e-con e-child\" data-id=\"9326edd\" data-element_type=\"container\">\n\t\t\t\t<div class=\"elementor-element elementor-element-0f54cf0 elementor-widget elementor-widget-text-editor\" data-id=\"0f54cf0\" data-element_type=\"widget\" data-widget_type=\"text-editor.default\">\n\t\t\t\t<div class=\"elementor-widget-container\">\n\t\t\t\t\t\t\t<h6>El cultivo<\/h6>\n<h2>Saffron 101<\/h2>\n\t\t\t\t\t\t<\/div>\n\t\t\t\t<\/div>\n\t\t\t\t<div class=\"elementor-element elementor-element-0966f32 elementor-widget elementor-widget-text-editor\" data-id=\"0966f32\" data-element_type=\"widget\" data-widget_type=\"text-editor.default\">\n\t\t\t\t<div class=\"elementor-widget-container\">\n\t\t\t\t\t\t\t<p>El azafr\u00e1n es una especia obtenida de la flor de Crocus sativus, conocida com\u00fanmente como el \u00abcrocus del azafr\u00e1n\u00bb. Se recolectan y secan los v\u00edvidos estigmas y estilos de color carmes\u00ed, conocidos como hebras, para utilizarlos principalmente como condimento y agente colorante en alimentos.<\/p>\n\t\t\t\t\t\t<\/div>\n\t\t\t\t<\/div>\n\t\t\t\t<div class=\"elementor-element elementor-element-70cdd2e elementor-tablet-align-center elementor-mobile-align-left elementor-widget elementor-widget-button\" data-id=\"70cdd2e\" data-element_type=\"widget\" data-widget_type=\"button.default\">\n\t\t\t\t<div class=\"elementor-widget-container\">\n\t\t\t\t\t<div class=\"elementor-button-wrapper\">\n\t\t\t<a class=\"elementor-button elementor-button-link elementor-size-sm\" href=\"https:\/\/worldsaffronassociation.com\/es\/sobre-nosotros\/saffron-101\/\">\n\t\t\t\t\t\t<span class=\"elementor-button-content-wrapper\">\n\t\t\t\t\t\t\t\t\t<span class=\"elementor-button-text\">Aprende m\u00e1s<\/span>\n\t\t\t\t\t<\/span>\n\t\t\t\t\t<\/a>\n\t\t<\/div>\n\t\t\t\t<\/div>\n\t\t\t\t<\/div>\n\t\t\t\t<\/div>\n\t\t\t\t<\/div>\n\t\t\t\t<\/div>\n\t\t\t\t<\/div>\n\t\t<div class=\"elementor-element elementor-element-15ed96d e-con-full e-flex e-con e-parent\" data-id=\"15ed96d\" data-element_type=\"container\" data-settings=\"{&quot;background_background&quot;:&quot;classic&quot;}\">\n\t\t<div class=\"elementor-element elementor-element-5bff4a7 e-con-full e-flex e-con e-child\" data-id=\"5bff4a7\" data-element_type=\"container\">\n\t\t<div class=\"elementor-element elementor-element-e708cb5 e-con-full e-flex e-con e-child\" data-id=\"e708cb5\" data-element_type=\"container\">\n\t\t<div class=\"elementor-element elementor-element-1170115 e-con-full e-flex e-con e-child\" data-id=\"1170115\" data-element_type=\"container\">\n\t\t\t\t<div class=\"elementor-element elementor-element-32a9518 elementor-widget elementor-widget-text-editor\" data-id=\"32a9518\" data-element_type=\"widget\" data-widget_type=\"text-editor.default\">\n\t\t\t\t<div class=\"elementor-widget-container\">\n\t\t\t\t\t\t\t<h6>Producci\u00f3n<\/h6>\r\n<h2>Industria<\/h2>\t\t\t\t\t\t<\/div>\n\t\t\t\t<\/div>\n\t\t\t\t<div class=\"elementor-element elementor-element-b0dc492 elementor-widget elementor-widget-text-editor\" data-id=\"b0dc492\" data-element_type=\"widget\" data-widget_type=\"text-editor.default\">\n\t\t\t\t<div class=\"elementor-widget-container\">\n\t\t\t\t\t\t\t<p>Producci\u00f3n Industria En 2022, el mercado global del azafr\u00e1n alcanz\u00f3 un valor de USD 589.23 millones, y lo m\u00e1s emocionante es que se prev\u00e9 un crecimiento sostenido con una tasa de crecimiento anual del 6.4% desde 2022 hasta 2030.<\/p>\n\t\t\t\t\t\t<\/div>\n\t\t\t\t<\/div>\n\t\t\t\t<div class=\"elementor-element elementor-element-bcd7167 elementor-tablet-align-center elementor-mobile-align-left elementor-widget elementor-widget-button\" data-id=\"bcd7167\" data-element_type=\"widget\" data-widget_type=\"button.default\">\n\t\t\t\t<div class=\"elementor-widget-container\">\n\t\t\t\t\t<div class=\"elementor-button-wrapper\">\n\t\t\t<a class=\"elementor-button elementor-button-link elementor-size-sm\" href=\"https:\/\/worldsaffronassociation.com\/es\/sobre-nosotros\/industria\/\">\n\t\t\t\t\t\t<span class=\"elementor-button-content-wrapper\">\n\t\t\t\t\t\t\t\t\t<span class=\"elementor-button-text\">Leer m\u00e1s<\/span>\n\t\t\t\t\t<\/span>\n\t\t\t\t\t<\/a>\n\t\t<\/div>\n\t\t\t\t<\/div>\n\t\t\t\t<\/div>\n\t\t\t\t<\/div>\n\t\t<div class=\"elementor-element elementor-element-01a7b01 e-con-full e-flex e-con e-child\" data-id=\"01a7b01\" data-element_type=\"container\">\n\t\t\t\t<div class=\"elementor-element elementor-element-45a49ff elementor-widget elementor-widget-image\" data-id=\"45a49ff\" data-element_type=\"widget\" data-widget_type=\"image.default\">\n\t\t\t\t<div class=\"elementor-widget-container\">\n\t\t\t\t\t\t\t\t\t\t\t\t\t<img decoding=\"async\" width=\"1200\" height=\"1200\" src=\"https:\/\/worldsaffronassociation.com\/wp-content\/uploads\/2023\/11\/about-us2-min.png\" class=\"attachment-large size-large wp-image-1720\" alt=\"\" srcset=\"https:\/\/worldsaffronassociation.com\/wp-content\/uploads\/2023\/11\/about-us2-min.png 1200w, https:\/\/worldsaffronassociation.com\/wp-content\/uploads\/2023\/11\/about-us2-min-500x500.png 500w, https:\/\/worldsaffronassociation.com\/wp-content\/uploads\/2023\/11\/about-us2-min-300x300.png 300w, https:\/\/worldsaffronassociation.com\/wp-content\/uploads\/2023\/11\/about-us2-min-768x768.png 768w, https:\/\/worldsaffronassociation.com\/wp-content\/uploads\/2023\/11\/about-us2-min-150x150.png 150w, https:\/\/worldsaffronassociation.com\/wp-content\/uploads\/2023\/11\/about-us2-min-75x75.png 75w, https:\/\/worldsaffronassociation.com\/wp-content\/uploads\/2023\/11\/about-us2-min-480x480.png 480w\" sizes=\"(max-width:767px) 480px, (max-width:1200px) 100vw, 1200px\" \/>\t\t\t\t\t\t\t\t\t\t\t\t\t<\/div>\n\t\t\t\t<\/div>\n\t\t\t\t<\/div>\n\t\t\t\t<\/div>\n\t\t\t\t<\/div>\n\t\t\t\t<\/div>\n\t\t<div class=\"elementor-element elementor-element-27592ec e-con-full e-flex e-con e-parent\" data-id=\"27592ec\" data-element_type=\"container\" data-settings=\"{&quot;background_background&quot;:&quot;classic&quot;}\">\n\t\t<div class=\"elementor-element elementor-element-a64ab18 e-con-full e-flex e-con e-child\" data-id=\"a64ab18\" data-element_type=\"container\">\n\t\t<div class=\"elementor-element elementor-element-e05e60c e-con-full e-flex e-con e-child\" data-id=\"e05e60c\" data-element_type=\"container\">\n\t\t<div class=\"elementor-element elementor-element-37abeee e-con-full e-flex e-con e-child\" data-id=\"37abeee\" data-element_type=\"container\">\n\t\t\t\t<div class=\"elementor-element elementor-element-d6fa8e0 elementor-widget elementor-widget-text-editor\" data-id=\"d6fa8e0\" data-element_type=\"widget\" data-widget_type=\"text-editor.default\">\n\t\t\t\t<div class=\"elementor-widget-container\">\n\t\t\t\t\t\t\t<h2>Noticias<\/h2>\n\t\t\t\t\t\t<\/div>\n\t\t\t\t<\/div>\n\t\t\t\t<\/div>\n\t\t<div class=\"elementor-element elementor-element-1296a9e e-con-full e-flex e-con e-child\" data-id=\"1296a9e\" data-element_type=\"container\">\n\t\t\t\t<div class=\"elementor-element elementor-element-74de376 elementor-widget__width-initial elementor-widget elementor-widget-text-editor\" data-id=\"74de376\" data-element_type=\"widget\" data-widget_type=\"text-editor.default\">\n\t\t\t\t<div class=\"elementor-widget-container\">\n\t\t\t\t\t\t\t<p>Explora las novedades m\u00e1s recientes en tecnolog\u00eda, industria, producci\u00f3n, envasado, procesamiento, comercio y m\u00e1s. Mantente informado sobre las tendencias y desarrollos en el mundo del azafr\u00e1n.<\/p>\n\t\t\t\t\t\t<\/div>\n\t\t\t\t<\/div>\n\t\t\t\t<\/div>\n\t\t<div class=\"elementor-element elementor-element-a8168f9 e-con-full e-flex e-con e-child\" data-id=\"a8168f9\" data-element_type=\"container\">\n\t\t\t\t<div class=\"elementor-element elementor-element-40b13b3 elementor-align-right elementor-widget__width-initial elementor-mobile-align-left elementor-widget elementor-widget-button\" data-id=\"40b13b3\" data-element_type=\"widget\" data-widget_type=\"button.default\">\n\t\t\t\t<div class=\"elementor-widget-container\">\n\t\t\t\t\t<div class=\"elementor-button-wrapper\">\n\t\t\t<a class=\"elementor-button elementor-button-link elementor-size-sm\" href=\"https:\/\/worldsaffronassociation.com\/es\/noticias\/\">\n\t\t\t\t\t\t<span class=\"elementor-button-content-wrapper\">\n\t\t\t\t\t\t\t\t\t<span class=\"elementor-button-text\">Leer m\u00e1s<\/span>\n\t\t\t\t\t<\/span>\n\t\t\t\t\t<\/a>\n\t\t<\/div>\n\t\t\t\t<\/div>\n\t\t\t\t<\/div>\n\t\t\t\t<\/div>\n\t\t\t\t<\/div>\n\t\t\t\t<\/div>\n\t\t\t\t<\/div>\n\t\t<div class=\"elementor-element elementor-element-f35d3bd e-flex e-con-boxed e-con e-parent\" data-id=\"f35d3bd\" data-element_type=\"container\">\n\t\t\t\t\t<div class=\"e-con-inner\">\n\t\t\t\t<div class=\"elementor-element elementor-element-a8dc7fc elementor-widget elementor-widget-template\" data-id=\"a8dc7fc\" data-element_type=\"widget\" data-widget_type=\"template.default\">\n\t\t\t\t<div class=\"elementor-widget-container\">\n\t\t\t\t\t<div class=\"elementor-template\">\n\t\t\t\t\t<div data-elementor-type=\"section\" data-elementor-id=\"3434\" class=\"elementor elementor-3434 elementor-906\" data-elementor-post-type=\"elementor_library\">\n\t\t\t\t\t<section class=\"elementor-section elementor-top-section elementor-element elementor-element-cca3299 elementor-section-stretched elementor-section-boxed elementor-section-height-default elementor-section-height-default\" data-id=\"cca3299\" data-element_type=\"section\" data-settings=\"{&quot;stretch_section&quot;:&quot;section-stretched&quot;,&quot;background_background&quot;:&quot;classic&quot;}\">\n\t\t\t\t\t\t<div class=\"elementor-container elementor-column-gap-wider\">\n\t\t\t\t\t<div class=\"elementor-column elementor-col-100 elementor-top-column elementor-element elementor-element-633b2808\" data-id=\"633b2808\" data-element_type=\"column\">\n\t\t\t<div class=\"elementor-widget-wrap elementor-element-populated\">\n\t\t\t\t\t\t<section class=\"elementor-section elementor-inner-section elementor-element elementor-element-4a8b816a elementor-section-boxed elementor-section-height-default elementor-section-height-default\" data-id=\"4a8b816a\" data-element_type=\"section\" data-settings=\"{&quot;background_background&quot;:&quot;classic&quot;}\">\n\t\t\t\t\t\t<div class=\"elementor-container elementor-column-gap-default\">\n\t\t\t\t\t<div class=\"elementor-column elementor-col-33 elementor-inner-column elementor-element elementor-element-74628e49\" data-id=\"74628e49\" data-element_type=\"column\">\n\t\t\t<div class=\"elementor-widget-wrap elementor-element-populated\">\n\t\t\t\t\t\t<div class=\"elementor-element elementor-element-1ffcf33f elementor-widget elementor-widget-image\" data-id=\"1ffcf33f\" data-element_type=\"widget\" data-widget_type=\"image.default\">\n\t\t\t\t<div class=\"elementor-widget-container\">\n\t\t\t\t\t\t\t\t\t\t\t\t\t<img decoding=\"async\" width=\"1200\" height=\"857\" src=\"https:\/\/worldsaffronassociation.com\/wp-content\/uploads\/2023\/10\/saffron-home-envelope.svg\" class=\"attachment-large size-large wp-image-327\" alt=\"\" \/>\t\t\t\t\t\t\t\t\t\t\t\t\t<\/div>\n\t\t\t\t<\/div>\n\t\t\t\t\t<\/div>\n\t\t<\/div>\n\t\t\t\t<div class=\"elementor-column elementor-col-33 elementor-inner-column elementor-element elementor-element-8f6b417\" data-id=\"8f6b417\" data-element_type=\"column\">\n\t\t\t<div class=\"elementor-widget-wrap elementor-element-populated\">\n\t\t\t\t\t\t<div class=\"elementor-element elementor-element-1819e2da elementor-widget elementor-widget-text-editor\" data-id=\"1819e2da\" data-element_type=\"widget\" data-widget_type=\"text-editor.default\">\n\t\t\t\t<div class=\"elementor-widget-container\">\n\t\t\t\t\t\t\t<h4><span style=\"color: #f5f5f5\">\u00bfQuieres recibir noticias y actualizaciones del producto? Suscr\u00edbete para recibir un bolet\u00edn informativo.<\/span><\/h4>\n\t\t\t\t\t\t<\/div>\n\t\t\t\t<\/div>\n\t\t\t\t<div class=\"elementor-element elementor-element-3692b291 elementor-widget elementor-widget-shortcode\" data-id=\"3692b291\" data-element_type=\"widget\" data-widget_type=\"shortcode.default\">\n\t\t\t\t<div class=\"elementor-widget-container\">\n\t\t\t\t\t<div class=\"elementor-shortcode\">\n<div class=\"wpcf7 no-js\" id=\"wpcf7-f3438-o1\" lang=\"en-US\" dir=\"ltr\">\n<div class=\"screen-reader-response\"><p role=\"status\" aria-live=\"polite\" aria-atomic=\"true\"><\/p> <ul><\/ul><\/div>\n<form action=\"\/es\/wp-json\/wp\/v2\/pages\/3189#wpcf7-f3438-o1\" method=\"post\" class=\"wpcf7-form init\" aria-label=\"Contact form\" novalidate=\"novalidate\" data-status=\"init\">\n<div style=\"display: none;\">\n<input type=\"hidden\" name=\"_wpcf7\" value=\"3438\" \/>\n<input type=\"hidden\" name=\"_wpcf7_version\" value=\"5.9.6\" \/>\n<input type=\"hidden\" name=\"_wpcf7_locale\" value=\"en_US\" \/>\n<input type=\"hidden\" name=\"_wpcf7_unit_tag\" value=\"wpcf7-f3438-o1\" \/>\n<input type=\"hidden\" name=\"_wpcf7_container_post\" value=\"0\" \/>\n<input type=\"hidden\" name=\"_wpcf7_posted_data_hash\" value=\"\" \/>\n<\/div>\n<div class=\"column one\" style=\"margin-bottom:35px;\">\n\t<p><span class=\"wpcf7-form-control-wrap\" data-name=\"your-email\"><input size=\"40\" maxlength=\"80\" class=\"wpcf7-form-control wpcf7-email wpcf7-validates-as-required wpcf7-text wpcf7-validates-as-email\" aria-required=\"true\" aria-invalid=\"false\" placeholder=\"Introducir la direcci\u00f3n de correo electr\u00f3nico\" value=\"\" type=\"email\" name=\"your-email\" \/><\/span>\n\t<\/p>\n<\/div>\n<div class=\"column one\">\n\t<p><input class=\"wpcf7-form-control wpcf7-submit has-spinner button_label\" type=\"submit\" value=\"Suscribir\" \/>\n\t<\/p>\n<\/div><div class=\"wpcf7-response-output\" aria-hidden=\"true\"><\/div>\n<\/form>\n<\/div>\n<\/div>\n\t\t\t\t<\/div>\n\t\t\t\t<\/div>\n\t\t\t\t\t<\/div>\n\t\t<\/div>\n\t\t\t\t<div class=\"elementor-column elementor-col-33 elementor-inner-column elementor-element elementor-element-2a078a59\" data-id=\"2a078a59\" data-element_type=\"column\">\n\t\t\t<div class=\"elementor-widget-wrap\">\n\t\t\t\t\t\t\t<\/div>\n\t\t<\/div>\n\t\t\t\t\t<\/div>\n\t\t<\/section>\n\t\t\t\t\t<\/div>\n\t\t<\/div>\n\t\t\t\t\t<\/div>\n\t\t<\/section>\n\t\t\t\t<\/div>\n\t\t\t\t<\/div>\n\t\t\t\t<\/div>\n\t\t\t\t<\/div>\n\t\t\t\t\t<\/div>\n\t\t\t\t<\/div>\n\t\t\t\t<\/div>\n\t\t","protected":false},"excerpt":{"rendered":"<p>La Asociaci\u00f3n Mundial del Azafr\u00e1n Qui\u00e9nes somos Somos una organizaci\u00f3n internacional comprometida con la gesti\u00f3n del conocimiento, la tecnolog\u00eda y la creatividad para generar valor en<span class=\"excerpt-hellip\"> [\u2026]<\/span><\/p>\n","protected":false},"author":1,"featured_media":0,"parent":0,"menu_order":0,"comment_status":"closed","ping_status":"closed","template":"","meta":{"inline_featured_image":false,"footnotes":""},"class_list":["post-3189","page","type-page","status-publish","hentry"],"_links":{"self":[{"href":"https:\/\/worldsaffronassociation.com\/es\/wp-json\/wp\/v2\/pages\/3189","targetHints":{"allow":["GET"]}}],"collection":[{"href":"https:\/\/worldsaffronassociation.com\/es\/wp-json\/wp\/v2\/pages"}],"about":[{"href":"https:\/\/worldsaffronassociation.com\/es\/wp-json\/wp\/v2\/types\/page"}],"author":[{"embeddable":true,"href":"https:\/\/worldsaffronassociation.com\/es\/wp-json\/wp\/v2\/users\/1"}],"replies":[{"embeddable":true,"href":"https:\/\/worldsaffronassociation.com\/es\/wp-json\/wp\/v2\/comments?post=3189"}],"version-history":[{"count":4,"href":"https:\/\/worldsaffronassociation.com\/es\/wp-json\/wp\/v2\/pages\/3189\/revisions"}],"predecessor-version":[{"id":3635,"href":"https:\/\/worldsaffronassociation.com\/es\/wp-json\/wp\/v2\/pages\/3189\/revisions\/3635"}],"wp:attachment":[{"href":"https:\/\/worldsaffronassociation.com\/es\/wp-json\/wp\/v2\/media?parent=3189"}],"curies":[{"name":"wp","href":"https:\/\/api.w.org\/{rel}","templated":true}]}}